{"id":7088,"date":"2026-04-10T09:41:13","date_gmt":"2026-04-10T07:41:13","guid":{"rendered":"https:\/\/www.satum.cz\/pravni-ujednani\/"},"modified":"2026-04-15T14:21:04","modified_gmt":"2026-04-15T12:21:04","slug":"legal-notice","status":"publish","type":"page","link":"https:\/\/www.satum.cz\/en\/legal-notice\/","title":{"rendered":"Legal Notice"},"content":{"rendered":"\t\t<div data-elementor-type=\"wp-page\" data-elementor-id=\"7088\" class=\"elementor elementor-7088 elementor-7006\" data-elementor-post-type=\"page\">\n\t\t\t\t<div class=\"elementor-element elementor-element-a29f5c9 e-flex e-con-boxed e-con e-parent\" data-id=\"a29f5c9\" data-element_type=\"container\" data-settings=\"{&quot;background_background&quot;:&quot;classic&quot;}\">\n\t\t\t\t\t<div class=\"e-con-inner\">\n\t\t<div class=\"elementor-element elementor-element-6e50a4a e-con-full e-flex e-con e-child\" data-id=\"6e50a4a\" data-element_type=\"container\">\n\t\t<div class=\"elementor-element elementor-element-6d43994 e-con-full e-flex e-con e-child\" data-id=\"6d43994\" data-element_type=\"container\">\n\t\t<div class=\"elementor-element elementor-element-24d84a4 e-con-full e-flex e-con e-child\" data-id=\"24d84a4\" data-element_type=\"container\">\n\t\t\t\t<div class=\"elementor-element elementor-element-9d57bda elementor-widget elementor-widget-heading\" data-id=\"9d57bda\" data-element_type=\"widget\" data-widget_type=\"heading.default\">\n\t\t\t\t\t<h1 class=\"elementor-heading-title elementor-size-default\">Legal Notice<\/h1>\t\t\t\t<\/div>\n\t\t\t\t<\/div>\n\t\t\t\t<\/div>\n\t\t\t\t<\/div>\n\t\t\t\t\t<\/div>\n\t\t\t\t<\/div>\n\t\t<div class=\"elementor-element elementor-element-4305f2f spacing--single e-flex e-con-boxed e-con e-parent\" data-id=\"4305f2f\" data-element_type=\"container\">\n\t\t\t\t\t<div class=\"e-con-inner\">\n\t\t<div class=\"elementor-element elementor-element-d48d737 e-con-full satum_content e-flex e-con e-child\" data-id=\"d48d737\" data-element_type=\"container\">\n\t\t\t\t<div class=\"elementor-element elementor-element-e3943f2 elementor-widget elementor-widget-text-editor\" data-id=\"e3943f2\" data-element_type=\"widget\" data-widget_type=\"text-editor.default\">\n\t\t\t\t\t\t\t\t\t<h2>Copyright reservation<\/h2><p>The owner of the website <a href=\"http:\/\/www.satum.cz\/\">www.satum.cz<\/a> is SATUM CZECH s.r.o., with registered office at 28. \u0159\u00edjna 3346\/91, Moravsk\u00e1 Ostrava, 702 00 Ostrava, Company No.: 2537395, which is authorised in accordance with Act No. 121\/2000 Coll., the Copyright Act, to exercise the property rights to this website (hereinafter referred to as the \u201cOwner\u201d). The operator of the website is ARSYline, s.r.o., with registered office at Poln\u00ed 453, Bohuslavice, 747 19, Company No.: 26873532 (hereinafter referred to as the \u201cOperator\u201d).<\/p><p>All content of the SATUM CZECH s.r.o. website, in particular the texts, images, graphics, audio, animations and video recordings, all depictions as well as their arrangement on the website, are subject to protection under special legal regulations. All copyright belongs to the Owner. Any content of this website must not be used within the meaning of the relevant legal regulations without the consent and\/or licence of an authorised person. This does not apply where such use is expressly permitted by a special legal regulation.<\/p><h2>Rules for using the website <a href=\"http:\/\/www.satum.cz\">www.satum.cz<\/a><\/h2><p>The rights and obligations of the Operator and users when using this website are governed by these rules for the use of the website <a href=\"https:\/\/www.satum.cz\">www.satum.cz<\/a> (hereinafter referred to as the \u201cRules\u201d). The Rules apply to all persons who visit this website (hereinafter referred to as \u201cUsers\u201d). The User expresses consent to the Rules by entering any of the Operator\u2019s websites or by using in any manner any information placed on the Operator\u2019s websites.<\/p><p>The User undertakes that, when using this website, they shall comply with the applicable legal regulations of the Czech Republic, shall always act in accordance with good morals, the rules of fair business conduct and with these Rules. The User hereby expressly undertakes not to use the Operator\u2019s website, even in a transformed form, for any, even potentially possible, harm to the good name or rights of the Owner, the Operator or other Users.<\/p><p>The User undertakes, in particular, not to:<\/p><ul><li>interfere in any way, without the Operator\u2019s consent, with the content or technical substance of the website;<\/li><li>interfere with the security of the website;<\/li><li>access the website, enter, modify or read data on the website by means of automated scripts or other specialised software enabling remote processing or bulk extraction of information;<\/li><li>use the website to send unsolicited messages (spam) and chain messages;<\/li><li>send messages to the website or upload files containing viruses, or any dangerous or harmful programs;<\/li><li>disseminate on this website any messages or materials that violate the legal regulations of the Czech Republic, good morals, or that threaten public order or whose content does not correspond to the interests of the Operator. In particular, the User undertakes not to disseminate misleading or untrue messages or materials, materials that interfere with the rights of the Operator or with the rights and legitimate interests of third parties, that are contrary to human dignity, that are discriminatory in their content on the grounds of religion, belief, race or gender, and that promote violence or any other unlawful conduct.<\/li><\/ul><p>In the event of a breach of these rules by the User, the Operator shall take all legal steps to protect its legitimate interests. A User who violates the above rules may be denied access to the website.<\/p><p>Any disputes arising in connection with the use of this website shall be heard by the locally competent court in the Czech Republic and in accordance with the legal regulations of the Czech Republic.<\/p><p>Any provisions of the above rules for the use of the website that, for any reason, become unenforceable shall be deemed severable from the remaining provisions and shall not affect their validity and enforceability.<\/p><h2>Information on industrial property rights<\/h2><p>Unless otherwise stated, all commercial designations on the website of SATUM CZECH s.r.o. are protected under special legal regulations and may only be used with the consent of an authorised person. This applies in particular to trademarks and commercial designations used by SATUM CZECH s.r.o., corporate logos, emblems and others.<\/p><p>It is expressly stipulated that no consent or licence to use the content published here is granted through the website of SATUM CZECH s.r.o.<\/p><h2>Limitation of liability<\/h2><p>Any risks arising for the User from the use of this website are entirely on the User and the Operator shall not bear any liability for them. SATUM CZECH s.r.o. is not liable for any damage arising out of or in connection with access to, use of or the inability to use this website, any materials, information or recommendations that appear on this website, decisions that may be made on the basis of the information provided on the website, errors or outages in the operation or in the services offered, computer viruses, etc. This limitation of liability applies to all types of compensation regardless of their nature.<\/p>\t\t\t\t\t\t\t\t<\/div>\n\t\t\t\t<\/div>\n\t\t\t\t\t<\/div>\n\t\t\t\t<\/div>\n\t\t\t\t<\/div>\n\t\t","protected":false},"excerpt":{"rendered":"<p>V\u00fdhrada autorsk\u00e9ho pr\u00e1va (copyright) Vlastn\u00edkem internetov\u00fdch str\u00e1nek\u00a0www.satum.cz je spole\u010dnost SATUM CZECH s.r.o., se s\u00eddlem 28. \u0159\u00edjna 3346\/91, Moravsk\u00e1 Ostrava, 702 00 Ostrava, I\u010c: 2537395, kter\u00e1 je v souladu se z\u00e1k. \u010d. 121\/2000 Sb., autorsk\u00fd z\u00e1kon, opr\u00e1vn\u011bna vykon\u00e1vat majetkov\u00e1 pr\u00e1va k t\u011bmto internetov\u00fdm str\u00e1nk\u00e1m (d\u00e1le jen &#8220;Vlastn\u00edk&#8221;). Provozovatelem internetov\u00fdch str\u00e1nek je spole\u010dnost ARSYline, s.r.o., se s\u00eddlem [&hellip;]<\/p>\n","protected":false},"author":2,"featured_media":0,"parent":0,"menu_order":4,"comment_status":"closed","ping_status":"closed","template":"","meta":{"_acf_changed":false,"footnotes":""},"class_list":["post-7088","page","type-page","status-publish","hentry"],"acf":[],"_links":{"self":[{"href":"https:\/\/www.satum.cz\/en\/wp-json\/wp\/v2\/pages\/7088","targetHints":{"allow":["GET"]}}],"collection":[{"href":"https:\/\/www.satum.cz\/en\/wp-json\/wp\/v2\/pages"}],"about":[{"href":"https:\/\/www.satum.cz\/en\/wp-json\/wp\/v2\/types\/page"}],"author":[{"embeddable":true,"href":"https:\/\/www.satum.cz\/en\/wp-json\/wp\/v2\/users\/2"}],"replies":[{"embeddable":true,"href":"https:\/\/www.satum.cz\/en\/wp-json\/wp\/v2\/comments?post=7088"}],"version-history":[{"count":2,"href":"https:\/\/www.satum.cz\/en\/wp-json\/wp\/v2\/pages\/7088\/revisions"}],"predecessor-version":[{"id":7091,"href":"https:\/\/www.satum.cz\/en\/wp-json\/wp\/v2\/pages\/7088\/revisions\/7091"}],"wp:attachment":[{"href":"https:\/\/www.satum.cz\/en\/wp-json\/wp\/v2\/media?parent=7088"}],"curies":[{"name":"wp","href":"https:\/\/api.w.org\/{rel}","templated":true}]}}