{"id":7086,"date":"2026-04-10T10:13:24","date_gmt":"2026-04-10T08:13:24","guid":{"rendered":"https:\/\/www.satum.cz\/informace-o-cookies\/"},"modified":"2026-04-15T14:18:39","modified_gmt":"2026-04-15T12:18:39","slug":"cookie-information","status":"publish","type":"page","link":"https:\/\/www.satum.cz\/en\/cookie-information\/","title":{"rendered":"Cookie Information"},"content":{"rendered":"\t\t<div data-elementor-type=\"wp-page\" data-elementor-id=\"7086\" class=\"elementor elementor-7086 elementor-7029\" data-elementor-post-type=\"page\">\n\t\t\t\t<div class=\"elementor-element elementor-element-a29f5c9 e-flex e-con-boxed e-con e-parent\" data-id=\"a29f5c9\" data-element_type=\"container\" data-settings=\"{&quot;background_background&quot;:&quot;classic&quot;}\">\n\t\t\t\t\t<div class=\"e-con-inner\">\n\t\t<div class=\"elementor-element elementor-element-6e50a4a e-con-full e-flex e-con e-child\" data-id=\"6e50a4a\" data-element_type=\"container\">\n\t\t<div class=\"elementor-element elementor-element-6d43994 e-con-full e-flex e-con e-child\" data-id=\"6d43994\" data-element_type=\"container\">\n\t\t<div class=\"elementor-element elementor-element-24d84a4 e-con-full e-flex e-con e-child\" data-id=\"24d84a4\" data-element_type=\"container\">\n\t\t\t\t<div class=\"elementor-element elementor-element-9d57bda elementor-widget elementor-widget-heading\" data-id=\"9d57bda\" data-element_type=\"widget\" data-widget_type=\"heading.default\">\n\t\t\t\t\t<h1 class=\"elementor-heading-title elementor-size-default\">Cookie Information<\/h1>\t\t\t\t<\/div>\n\t\t\t\t<\/div>\n\t\t\t\t<\/div>\n\t\t\t\t<\/div>\n\t\t\t\t\t<\/div>\n\t\t\t\t<\/div>\n\t\t<div class=\"elementor-element elementor-element-4305f2f spacing--single e-flex e-con-boxed e-con e-parent\" data-id=\"4305f2f\" data-element_type=\"container\">\n\t\t\t\t\t<div class=\"e-con-inner\">\n\t\t<div class=\"elementor-element elementor-element-d48d737 e-con-full satum_content e-flex e-con e-child\" data-id=\"d48d737\" data-element_type=\"container\">\n\t\t\t\t<div class=\"elementor-element elementor-element-e3943f2 elementor-widget elementor-widget-text-editor\" data-id=\"e3943f2\" data-element_type=\"widget\" data-widget_type=\"text-editor.default\">\n\t\t\t\t\t\t\t\t\t<p>This page provides comprehensive information about how we use cookies on our website to improve your browsing experience, enhance website performance and deliver personalised content. Cookies are small text files that are stored on your device when you visit our site. They help us understand how visitors interact with our website, allowing us to offer a smoother and more efficient user experience. In the table below you will find detailed information about each type of cookie we use, its purpose, and how long it remains on your device. We are committed to respecting your privacy and providing transparency about the data we collect through cookies. For more information on how we handle your personal data, please see our Personal Data Protection.<\/p>\t\t\t\t\t\t\t\t<\/div>\n\t\t\t\t<div class=\"elementor-element elementor-element-df95dca elementor-widget elementor-widget-shortcode\" data-id=\"df95dca\" data-element_type=\"widget\" data-widget_type=\"shortcode.default\">\n\t\t\t\t\t\t\t<div class=\"elementor-shortcode\"><div class=\"wpconsent-cookie-policy\"><h2 class=\"wpconsent-cookie-category-name\">Essential<\/h2><p class=\"wpconsent-cookie-category-description\"><\/p><table class=\"wpconsent-cookie-policy-table\"><tr><th>Name<\/th><th>Description<\/th><th>Duration<\/th><\/tr><tr><td>wpconsent_preferences<\/td><td>This cookie is used to store the user&#039;s cookie consent preferences.<\/td><td>30 days<\/td><\/tr><\/table><\/div><\/div>\n\t\t\t\t\t\t<\/div>\n\t\t\t\t<\/div>\n\t\t\t\t\t<\/div>\n\t\t\t\t<\/div>\n\t\t\t\t<\/div>\n\t\t","protected":false},"excerpt":{"rendered":"<p>Tato str\u00e1nka poskytuje komplexn\u00ed informace o tom, jak na na\u0161ich webov\u00fdch str\u00e1nk\u00e1ch pou\u017e\u00edv\u00e1me soubory cookie ke zlep\u0161en\u00ed va\u0161eho z\u00e1\u017eitku z prohl\u00ed\u017een\u00ed, zlep\u0161en\u00ed v\u00fdkonu webov\u00fdch str\u00e1nek a poskytov\u00e1n\u00ed personalizovan\u00e9ho obsahu. Soubory cookie jsou mal\u00e9 textov\u00e9 soubory, kter\u00e9 se ukl\u00e1daj\u00ed do va\u0161eho za\u0159\u00edzen\u00ed, kdy\u017e nav\u0161t\u00edv\u00edte na\u0161e str\u00e1nky. Pom\u00e1haj\u00ed n\u00e1m pochopit, jak n\u00e1v\u0161t\u011bvn\u00edci interaguj\u00ed s na\u0161imi webov\u00fdmi str\u00e1nkami, [&hellip;]<\/p>\n","protected":false},"author":2,"featured_media":0,"parent":0,"menu_order":4,"comment_status":"closed","ping_status":"closed","template":"","meta":{"_acf_changed":false,"footnotes":""},"class_list":["post-7086","page","type-page","status-publish","hentry"],"acf":[],"_links":{"self":[{"href":"https:\/\/www.satum.cz\/en\/wp-json\/wp\/v2\/pages\/7086","targetHints":{"allow":["GET"]}}],"collection":[{"href":"https:\/\/www.satum.cz\/en\/wp-json\/wp\/v2\/pages"}],"about":[{"href":"https:\/\/www.satum.cz\/en\/wp-json\/wp\/v2\/types\/page"}],"author":[{"embeddable":true,"href":"https:\/\/www.satum.cz\/en\/wp-json\/wp\/v2\/users\/2"}],"replies":[{"embeddable":true,"href":"https:\/\/www.satum.cz\/en\/wp-json\/wp\/v2\/comments?post=7086"}],"version-history":[{"count":2,"href":"https:\/\/www.satum.cz\/en\/wp-json\/wp\/v2\/pages\/7086\/revisions"}],"predecessor-version":[{"id":7090,"href":"https:\/\/www.satum.cz\/en\/wp-json\/wp\/v2\/pages\/7086\/revisions\/7090"}],"wp:attachment":[{"href":"https:\/\/www.satum.cz\/en\/wp-json\/wp\/v2\/media?parent=7086"}],"curies":[{"name":"wp","href":"https:\/\/api.w.org\/{rel}","templated":true}]}}