{"id":1972,"date":"2025-11-18T18:31:40","date_gmt":"2025-11-18T17:31:40","guid":{"rendered":"https:\/\/www.satum.cz\/information-on-the-insurance-intermediary\/"},"modified":"2025-12-11T23:05:23","modified_gmt":"2025-12-11T22:05:23","slug":"information-on-the-insurance-intermediary","status":"publish","type":"page","link":"https:\/\/www.satum.cz\/en\/information-on-the-insurance-intermediary\/","title":{"rendered":"Information on the Insurance Intermediary"},"content":{"rendered":"\t\t<div data-elementor-type=\"wp-page\" data-elementor-id=\"1972\" class=\"elementor elementor-1972 elementor-1103\" data-elementor-post-type=\"page\">\n\t\t\t\t<div class=\"elementor-element elementor-element-e92c244 e-flex e-con-boxed e-con e-parent\" data-id=\"e92c244\" data-element_type=\"container\" data-settings=\"{&quot;background_background&quot;:&quot;classic&quot;}\">\n\t\t\t\t\t<div class=\"e-con-inner\">\n\t\t<div class=\"elementor-element elementor-element-af5191b e-con-full e-flex e-con e-child\" data-id=\"af5191b\" data-element_type=\"container\">\n\t\t<div class=\"elementor-element elementor-element-c928251 e-con-full e-flex e-con e-child\" data-id=\"c928251\" data-element_type=\"container\">\n\t\t<div class=\"elementor-element elementor-element-5a620e7 e-con-full e-flex e-con e-child\" data-id=\"5a620e7\" data-element_type=\"container\">\n\t\t\t\t<div class=\"elementor-element elementor-element-a9ddac7 elementor-widget elementor-widget-heading\" data-id=\"a9ddac7\" data-element_type=\"widget\" data-widget_type=\"heading.default\">\n\t\t\t\t\t<h1 class=\"elementor-heading-title elementor-size-default\">Information on the Insurance Intermediary<\/h1>\t\t\t\t<\/div>\n\t\t\t\t<\/div>\n\t\t\t\t<\/div>\n\t\t\t\t<\/div>\n\t\t\t\t\t<\/div>\n\t\t\t\t<\/div>\n\t\t<div class=\"elementor-element elementor-element-4305f2f spacing--single e-flex e-con-boxed e-con e-parent\" data-id=\"4305f2f\" data-element_type=\"container\">\n\t\t\t\t\t<div class=\"e-con-inner\">\n\t\t<div class=\"elementor-element elementor-element-d48d737 e-con-full satum_content e-flex e-con e-child\" data-id=\"d48d737\" data-element_type=\"container\">\n\t\t\t\t<div class=\"elementor-element elementor-element-e3943f2 elementor-widget elementor-widget-text-editor\" data-id=\"e3943f2\" data-element_type=\"widget\" data-widget_type=\"text-editor.default\">\n\t\t\t\t\t\t\t\t\t<h2>Information about the Insurance Intermediary Provided to the Client<\/h2><p>In accordance with Section 88 of Act No. 170\/2018 Coll., on Insurance and Reinsurance Distribution, as amended, the insurance intermediary informs the client of the following facts:<\/p><h3>Insurance Intermediary<\/h3><p>SATUM CZECH s.r.o.<br \/>with registered office at Ostrava, Moravsk\u00e1 Ostrava, 28. \u0159\u00edjna 3346\/91, Postal Code 702 00<br \/>Company Registration Number: 25373951<br \/>Data Box: ID axqzagn<\/p><p>company registered in the Commercial Register maintained by the Regional Court in Ostrava, Section C, File 16189,<br \/>represented by Ing. Roman Horv\u00e1th, managing director of the company,<br \/>carrying on the activity of insurance distribution as an independent intermediary.<\/p><h3>Register<\/h3><p>SATUM CZECH s.r.o. is registered as a person authorised to carry on the activity of an independent intermediary in the register of insurance intermediaries maintained by the Czech National Bank.<\/p><p>An independent intermediary arranges insurance for the customer as an insurance agent on the basis of a written contract with insurance companies or as an insurance broker on the basis of a written contract with the customer. The register of independent intermediaries is publicly accessible on the website:<br \/><a href=\"https:\/\/apl.cnb.cz\/apljerrsdad\/JERRS.WEB07.INTRO_PAGE?p_lang=cz\">https:\/\/apl.cnb.cz\/apljerrsdad\/JERRS.WEB07.INTRO_PAGE?p_lang=cz<\/a>.<\/p><h3>Names of Insurance Companies for Which the Intermediary Is Authorised to Distribute Insurance<\/h3><ul><li>Allianz poji\u0161\u0165ovna, a.s.;<\/li><li>\u010cesk\u00e1 podnikatelsk\u00e1 poji\u0161\u0165ovna, a.s., Vienna Insurance Group;<\/li><li>\u010cSOB Poji\u0161\u0165ovna, a.s., \u010dlen holdingu \u010cSOB;<\/li><li>Colonnade Insurance S.A., organisational unit;<\/li><li>A.S. pr\u00e1vn\u00ed ochrana, pobo\u010dka ERGO Versicherung Aktiengesellschaft pro \u010cR;<\/li><li>Direct poji\u0161\u0165ovna, a.s.;<\/li><li>ERV Evropsk\u00e1 poji\u0161\u0165ovna, a.s.;<\/li><li>Generali \u010cesk\u00e1 poji\u0161\u0165ovna a.s.;<\/li><li>Hasi\u010dsk\u00e1 vz\u00e1jemn\u00e1 poji\u0161\u0165ovna, a.s.;<\/li><li>INTER PARTNER ASSISTANCE, organisational unit;<\/li><li>Kooperativa poji\u0161\u0165ovna, a.s., Vienna Insurance Group;<\/li><li>MAXIMA poji\u0161\u0165ovna, a.s.;<\/li><li>MetLife Europe d.a.c., pobo\u010dka pro \u010ceskou republiku;<\/li><li>Pillow poji\u0161\u0165ovna, a.s.;<\/li><li>Poji\u0161\u0165ovna VZP, a.s.;<\/li><li>Slavia poji\u0161\u0165ovna a.s.;<\/li><li>SV poji\u0161\u0165ovna, a.s.;<\/li><li>Union pois\u0165ov\u0148a, a.s., pobo\u010dka pro \u010ceskou republiku;<\/li><li>UNIQA poji\u0161\u0165ovna, a.s.<\/li><\/ul><h3>Procedure for Submitting a Complaint against the Insurance Intermediary<\/h3><p>Should the policyholder or other affected persons have objections to the activities of SATUM CZECH s.r.o. as an independent intermediary, they may submit a written complaint to the managing director of the company by e-mail: <a href=\"mailto:stiznosti@satum.cz\">stiznosti@satum.cz<\/a>. The managing director is obliged to deal with this complaint and inform the complainant in writing within 30 days, stating whether it is a justified complaint or not, and in the event that this complaint is found to be justified, the managing director shall inform the complainant of the manner in which the complaint shall be or has been resolved.<\/p><p>The client may simultaneously submit a complaint to the Czech National Bank exercising supervision over the activities of insurance intermediaries, to the relevant insurance company, or for out-of-court dispute resolution to the Financial Arbitrator.<\/p><h3>Share of the Insurance Intermediary in the Voting Rights and Share Capital of the Insurance Company<\/h3><p>SATUM CZECH s.r.o. does not have any direct or indirect share in the voting rights or capital of the insurance company with which the insurance is to be arranged.<\/p><h3>Share of the Insurance Company in the Voting Rights and Capital of the Insurance Intermediary<\/h3><p>The insurance company with which the insurance is to be arranged, nor any person controlling the said insurance company, has any direct or indirect share in the voting rights or capital of SATUM CZECH s.r.o.<\/p><h3>Remuneration Provided in Connection with Arranged Insurance or Modification of Insurance<\/h3><p>The independent intermediary and its tied agent are remunerated in connection with the arranged insurance or modification of insurance in the form of commission by the collaborating insurance companies. The independent intermediary and its tied agent are not remunerated directly by the customer.<\/p>\t\t\t\t\t\t\t\t<\/div>\n\t\t\t\t<\/div>\n\t\t\t\t\t<\/div>\n\t\t\t\t<\/div>\n\t\t\t\t<\/div>\n\t\t","protected":false},"excerpt":{"rendered":"<p>Information about the Insurance Intermediary Provided to the Client In accordance with Section 88 of Act No. 170\/2018 Coll., on Insurance and Reinsurance Distribution, as amended, the insurance intermediary informs the client of the following facts: Insurance Intermediary SATUM CZECH s.r.o.with registered office at Ostrava, Moravsk\u00e1 Ostrava, 28. \u0159\u00edjna 3346\/91, Postal Code 702 00Company Registration [&hellip;]<\/p>\n","protected":false},"author":3,"featured_media":0,"parent":0,"menu_order":29,"comment_status":"closed","ping_status":"closed","template":"","meta":{"_acf_changed":false,"footnotes":""},"class_list":["post-1972","page","type-page","status-publish","hentry"],"acf":[],"_links":{"self":[{"href":"https:\/\/www.satum.cz\/en\/wp-json\/wp\/v2\/pages\/1972","targetHints":{"allow":["GET"]}}],"collection":[{"href":"https:\/\/www.satum.cz\/en\/wp-json\/wp\/v2\/pages"}],"about":[{"href":"https:\/\/www.satum.cz\/en\/wp-json\/wp\/v2\/types\/page"}],"author":[{"embeddable":true,"href":"https:\/\/www.satum.cz\/en\/wp-json\/wp\/v2\/users\/3"}],"replies":[{"embeddable":true,"href":"https:\/\/www.satum.cz\/en\/wp-json\/wp\/v2\/comments?post=1972"}],"version-history":[{"count":9,"href":"https:\/\/www.satum.cz\/en\/wp-json\/wp\/v2\/pages\/1972\/revisions"}],"predecessor-version":[{"id":3768,"href":"https:\/\/www.satum.cz\/en\/wp-json\/wp\/v2\/pages\/1972\/revisions\/3768"}],"wp:attachment":[{"href":"https:\/\/www.satum.cz\/en\/wp-json\/wp\/v2\/media?parent=1972"}],"curies":[{"name":"wp","href":"https:\/\/api.w.org\/{rel}","templated":true}]}}